{"id":10,"date":"2026-01-11T16:35:34","date_gmt":"2026-01-11T16:35:34","guid":{"rendered":"http:\/\/lokalsnedkeren.dk\/?page_id=10"},"modified":"2026-01-12T10:12:25","modified_gmt":"2026-01-12T10:12:25","slug":"hjem","status":"publish","type":"page","link":"https:\/\/lokalsnedkeren.dk\/","title":{"rendered":"Velkommen"},"content":{"rendered":"\n<p>Mit navn er Mathias og jeg er snedkermester i Nordsj\u00e6lland med v\u00e6rksted i Hiller\u00f8d.<\/p>\n\n\n\n<p>Jeg hj\u00e6lper med en lang r\u00e6kke opgaver, en ny tr\u00e6terrasse, et plankev\u00e6rk, et skur, en tilbygning, nyt k\u00f8kken, nye gulve og mange andre opgaver i tr\u00e6.<\/p>\n\n\n\n<p>Skriv til mig og s\u00e5 tager vi en snak om det.<\/p>\n\n\n\n<p>Du kan kontakte mig p\u00e5 f\u00f8lgende email:<\/p>\n\n\n\n<p>kontakt@lokalsnedkeren.dk<\/p>\n\n\n\n<p>Jeg ser frem til at h\u00f8re fra dig.<\/p>\n","protected":false},"excerpt":{"rendered":"<p>Mit navn er Mathias og jeg er snedkermester i Nordsj\u00e6lland med v\u00e6rksted i Hiller\u00f8d. Jeg hj\u00e6lper med en lang r\u00e6kke opgaver, en ny tr\u00e6terrasse, et plankev\u00e6rk, et skur, en tilbygning, nyt k\u00f8kken, nye gulve og mange andre opgaver i tr\u00e6. Skriv til mig og s\u00e5 tager vi en snak om det. Du kan kontakte mig &hellip; <\/p>\n<p class=\"link-more\"><a href=\"https:\/\/lokalsnedkeren.dk\/\" class=\"more-link\">L\u00e6s videre<span class=\"screen-reader-text\"> &#8220;Velkommen&#8221;<\/span><\/a><\/p>\n","protected":false},"author":1,"featured_media":0,"parent":0,"menu_order":0,"comment_status":"closed","ping_status":"closed","template":"","meta":{"footnotes":""},"class_list":["post-10","page","type-page","status-publish","hentry"],"_links":{"self":[{"href":"https:\/\/lokalsnedkeren.dk\/index.php\/wp-json\/wp\/v2\/pages\/10","targetHints":{"allow":["GET"]}}],"collection":[{"href":"https:\/\/lokalsnedkeren.dk\/index.php\/wp-json\/wp\/v2\/pages"}],"about":[{"href":"https:\/\/lokalsnedkeren.dk\/index.php\/wp-json\/wp\/v2\/types\/page"}],"author":[{"embeddable":true,"href":"https:\/\/lokalsnedkeren.dk\/index.php\/wp-json\/wp\/v2\/users\/1"}],"replies":[{"embeddable":true,"href":"https:\/\/lokalsnedkeren.dk\/index.php\/wp-json\/wp\/v2\/comments?post=10"}],"version-history":[{"count":4,"href":"https:\/\/lokalsnedkeren.dk\/index.php\/wp-json\/wp\/v2\/pages\/10\/revisions"}],"predecessor-version":[{"id":42,"href":"https:\/\/lokalsnedkeren.dk\/index.php\/wp-json\/wp\/v2\/pages\/10\/revisions\/42"}],"wp:attachment":[{"href":"https:\/\/lokalsnedkeren.dk\/index.php\/wp-json\/wp\/v2\/media?parent=10"}],"curies":[{"name":"wp","href":"https:\/\/api.w.org\/{rel}","templated":true}]}}